{"id":10536,"date":"2020-06-06T18:14:43","date_gmt":"2020-06-06T18:14:43","guid":{"rendered":"https:\/\/www.against-antisemitism.com\/the-book\/na-ut-till-andra\/"},"modified":"2023-03-01T15:27:50","modified_gmt":"2023-03-01T15:27:50","slug":"na-ut-till-andra","status":"publish","type":"product","link":"https:\/\/www.against-antisemitism.com\/sv\/the-book\/na-ut-till-andra\/","title":{"rendered":"N\u00e5 ut till andra"},"content":{"rendered":"","protected":false},"excerpt":{"rendered":"<h4><strong>Donera och ge bort boken + GRATIS kurs:<\/strong> <strong><span style=\"color: #ee4646;\">17 dollar<\/span><\/strong> dollar f\u00f6r en e-bok och <strong><span style=\"color: #ee4646;\">27 dollar<\/span><\/strong> f\u00f6r en pocketbok<\/h4>\n<p><strong>Fraktkostnad:<\/strong><br \/>\nUSA &#8211; 3.50 dollar<br \/>\nInternationell \u2013 22 dollar<\/p>\n<p><strong>Instruktioner hur du kan ge:<\/strong><\/p>\n<p>V\u00e4lj presentkortsbeloppet och skriv in e-postadress(\/erna) till den\/dem du skickar bok och kurs\u00e5tkomst till. Separera e-postadresserna med ett kommatecken. Kvantiteten kommer automatiskt att uppdateras. Efter lyckad betalning kommer ett e-postmeddelande med presentkoden och instruktioner om hur man anv\u00e4nder den att skickas till varje e-postadress.<\/p>\n<p>N\u00e4r du best\u00e4ller pocketboken eller e-boken som present, skickas ett presentkort till din v\u00e4ns e-postadress(\/er). Presentkortet har en l\u00e4nk f\u00f6r \u00e5tkomst till boken och kursen.<\/p>\n<p><strong>Presentkortsbelopp:<\/strong><br \/>\n17 dollar (E-bok + kursen)<br \/>\n30.50 dollar (Pocketbok + kurs och frakt inom USA)<br \/>\n48 dollar (estnisk\/rysk pocketbok och frakt utanf\u00f6r USA)<br \/>\n49 dollar (Pocketbok + kurs och frakt utanf\u00f6r USA)<\/p>\n","protected":false},"featured_media":9664,"template":"","meta":{"give_campaign_id":0,"pmpro_default_level":""},"product_brand":[],"product_cat":[239],"product_tag":[],"class_list":{"0":"post-10536","1":"product","2":"type-product","3":"status-publish","4":"has-post-thumbnail","6":"product_cat-bocker","7":"pmpro-has-access","10":"first","11":"instock","12":"purchasable","13":"product-type-pw-gift-card"},"_links":{"self":[{"href":"https:\/\/www.against-antisemitism.com\/sv\/wp-json\/wp\/v2\/product\/10536","targetHints":{"allow":["GET"]}}],"collection":[{"href":"https:\/\/www.against-antisemitism.com\/sv\/wp-json\/wp\/v2\/product"}],"about":[{"href":"https:\/\/www.against-antisemitism.com\/sv\/wp-json\/wp\/v2\/types\/product"}],"wp:featuredmedia":[{"embeddable":true,"href":"https:\/\/www.against-antisemitism.com\/sv\/wp-json\/wp\/v2\/media\/9664"}],"wp:attachment":[{"href":"https:\/\/www.against-antisemitism.com\/sv\/wp-json\/wp\/v2\/media?parent=10536"}],"wp:term":[{"taxonomy":"product_brand","embeddable":true,"href":"https:\/\/www.against-antisemitism.com\/sv\/wp-json\/wp\/v2\/product_brand?post=10536"},{"taxonomy":"product_cat","embeddable":true,"href":"https:\/\/www.against-antisemitism.com\/sv\/wp-json\/wp\/v2\/product_cat?post=10536"},{"taxonomy":"product_tag","embeddable":true,"href":"https:\/\/www.against-antisemitism.com\/sv\/wp-json\/wp\/v2\/product_tag?post=10536"}],"curies":[{"name":"wp","href":"https:\/\/api.w.org\/{rel}","templated":true}]}}